{"id":823,"date":"2019-08-16T14:53:32","date_gmt":"2019-08-16T14:53:32","guid":{"rendered":"https:\/\/directb2b.ca\/equipe\/"},"modified":"2022-07-14T04:55:04","modified_gmt":"2022-07-14T04:55:04","slug":"equipe","status":"publish","type":"page","link":"https:\/\/www.directb2b.ca\/en\/equipe\/","title":{"rendered":"Our Team"},"content":{"rendered":"<h2>At the head of Direct B2B Telemarketing<\/h2>\n<p><img decoding=\"async\" class=\"alignleft\" src=\"https:\/\/directb2b.ca\/wp-content\/uploads\/2019\/08\/groupe-acces-direct-marketing-olaf-knigge.jpg\" alt=\"Olaf Knigge\" width=\"176\" height=\"230\" \/><\/p>\n<p style=\"font-size: 1.6rem;\"><strong>Olaf Knigge<\/strong>, President and CEO<\/p>\n<p style=\"font-size: 1rem; margin-bottom: 60px;\">A native of Germany, he holds a Master&#8217;s degree in Political Economy, completed at the Universities of Paderborn (Germany) and Nottingham (England). Following an internship at the United Nations in New York (USA), he immigrated to Quebec. Incorporated in 2005, he is co-founder of the company. At the helm of operations, he has become a valuable ally in the business development of his clients. Both his academic background and his experience in the field have allowed him to bring vision to the Group. His personality and active listening skills have enabled him to build a stable team of dedicated experts and to surround himself with a prestigious and satisfied clientele.<\/p>\n<p><img decoding=\"async\" class=\"alignleft size-full wp-image-260\" src=\"https:\/\/directb2b.ca\/wp-content\/uploads\/2019\/08\/groupe-acces-direct-marketing-lyne-martin.jpg\" alt=\"lyne martin\" width=\"172\" height=\"230\" \/><\/p>\n<p style=\"font-size: 1.6rem;\"><strong>Lyne Martin<\/strong>, Vice President<\/p>\n<p style=\"font-size: 1rem;\">A native of Quebec with a degree in building design, she managed architectural and mechanical projects for several years. Recruited as a management assistant in the travel industry, she was able to perfect her language skills and work at the heart of the management of an SME. For over five years, she has held a key management position within the Group. In this role, she has provided valuable assistance to the company&#8217;s growth through the development of efficient work methodologies, the standardization of operations and the development of rigorous quality control. Her rigor and sharp sense of observation allow her to raise the quality standards in order to serve the customers according to their respective needs.<\/p>\n<h5>The Team<\/h5>\n<p class=\"p1\">Direct B2B Telemarketing is made up of a dozen tele-agents specialized in B2B Telemarketing. Their professionalism and diplomacy are always highly appreciated by our clients and their prospects.<\/p>\n<p class=\"p1\">The focus on teamwork, knowledge sharing and continuous training allows our resources to grow professionally and deliver superior results. The emphasis is always on the quality of the work, and the resources do not work under pressure to perform but with the motivation to create value for our clients.<\/p>\n<p class=\"p1\">Our team includes specialists from different industry sectors, which allows us to perform on many types of campaigns (IT, Business Services, Financial Services, Events, &#8230;).<\/p>\n<p class=\"p2\">We are the communication channel that will create a privileged contact between you and your targeted decision maker by transmitting your message with the best quality directly into the ear of the right person.<\/p>\n<p class=\"p1\" style=\"text-align: center;\"><b>TEST US WITH A PILOT PROJECT,<br \/>\nAND ADOPT OUR APPROACH<\/b><\/p>\n<p class=\"p2\" style=\"text-align: center;\"><span class=\"s1\"><a href=\"https:\/\/directb2b.ca\/prospection-b2b-telemarketing-projet-pilote\/\">NOW!<\/a><\/span><\/p>\n","protected":false},"excerpt":{"rendered":"<p>At the head of Direct B2B Telemarketing Olaf Knigge, President and CEO A native of Germany, he holds a Master&#8217;s degree in Political Economy, completed at the Universities of Paderborn (Germany) and Nottingham (England). Following an internship at the United Nations in New York (USA), he immigrated to Quebec. Incorporated in 2005, he is co-founder &hellip; <a href=\"https:\/\/www.directb2b.ca\/en\/equipe\/\" class=\"more-link\">Continue reading<span class=\"screen-reader-text\"> &#8220;Our Team&#8221;<\/span><\/a><\/p>\n","protected":false},"author":5,"featured_media":0,"parent":0,"menu_order":0,"comment_status":"closed","ping_status":"closed","template":"","meta":{"_acf_changed":false,"content-type":"","footnotes":""},"class_list":["post-823","page","type-page","status-publish","hentry"],"acf":[],"yoast_head":"<!-- This site is optimized with the Yoast SEO plugin v27.5 - https:\/\/yoast.com\/product\/yoast-seo-wordpress\/ -->\n<title>Our team at Direct B2B<\/title>\n<meta name=\"description\" content=\"Here are some of the members of our team at Direct B2B Telemarketing.\" \/>\n<meta name=\"robots\" content=\"index, follow, max-snippet:-1, max-image-preview:large, max-video-preview:-1\" \/>\n<link rel=\"canonical\" href=\"https:\/\/www.directb2b.ca\/en\/equipe\/\" \/>\n<meta property=\"og:locale\" content=\"en_US\" \/>\n<meta property=\"og:type\" content=\"article\" \/>\n<meta property=\"og:title\" content=\"Our team at Direct B2B\" \/>\n<meta property=\"og:description\" content=\"Here are some of the members of our team at Direct B2B Telemarketing.\" \/>\n<meta property=\"og:url\" content=\"https:\/\/www.directb2b.ca\/en\/equipe\/\" \/>\n<meta property=\"og:site_name\" content=\"DIRECT B2B T\u00c9L\u00c9MARKETING\" \/>\n<meta property=\"article:modified_time\" content=\"2022-07-14T04:55:04+00:00\" \/>\n<meta property=\"og:image\" content=\"https:\/\/directb2b.ca\/wp-content\/uploads\/2019\/08\/groupe-acces-direct-marketing-olaf-knigge.jpg\" \/>\n<meta name=\"twitter:card\" content=\"summary_large_image\" \/>\n<meta name=\"twitter:label1\" content=\"Est. reading time\" \/>\n\t<meta name=\"twitter:data1\" content=\"3 minutes\" \/>\n<script type=\"application\/ld+json\" class=\"yoast-schema-graph\">{\"@context\":\"https:\\\/\\\/schema.org\",\"@graph\":[{\"@type\":\"WebPage\",\"@id\":\"https:\\\/\\\/www.directb2b.ca\\\/en\\\/equipe\\\/\",\"url\":\"https:\\\/\\\/www.directb2b.ca\\\/en\\\/equipe\\\/\",\"name\":\"Our team at Direct B2B\",\"isPartOf\":{\"@id\":\"https:\\\/\\\/www.directb2b.ca\\\/en\\\/#website\"},\"primaryImageOfPage\":{\"@id\":\"https:\\\/\\\/www.directb2b.ca\\\/en\\\/equipe\\\/#primaryimage\"},\"image\":{\"@id\":\"https:\\\/\\\/www.directb2b.ca\\\/en\\\/equipe\\\/#primaryimage\"},\"thumbnailUrl\":\"https:\\\/\\\/directb2b.ca\\\/wp-content\\\/uploads\\\/2019\\\/08\\\/groupe-acces-direct-marketing-olaf-knigge.jpg\",\"datePublished\":\"2019-08-16T14:53:32+00:00\",\"dateModified\":\"2022-07-14T04:55:04+00:00\",\"description\":\"Here are some of the members of our team at Direct B2B Telemarketing.\",\"breadcrumb\":{\"@id\":\"https:\\\/\\\/www.directb2b.ca\\\/en\\\/equipe\\\/#breadcrumb\"},\"inLanguage\":\"en-CA\",\"potentialAction\":[{\"@type\":\"ReadAction\",\"target\":[\"https:\\\/\\\/www.directb2b.ca\\\/en\\\/equipe\\\/\"]}]},{\"@type\":\"ImageObject\",\"inLanguage\":\"en-CA\",\"@id\":\"https:\\\/\\\/www.directb2b.ca\\\/en\\\/equipe\\\/#primaryimage\",\"url\":\"https:\\\/\\\/directb2b.ca\\\/wp-content\\\/uploads\\\/2019\\\/08\\\/groupe-acces-direct-marketing-olaf-knigge.jpg\",\"contentUrl\":\"https:\\\/\\\/directb2b.ca\\\/wp-content\\\/uploads\\\/2019\\\/08\\\/groupe-acces-direct-marketing-olaf-knigge.jpg\"},{\"@type\":\"BreadcrumbList\",\"@id\":\"https:\\\/\\\/www.directb2b.ca\\\/en\\\/equipe\\\/#breadcrumb\",\"itemListElement\":[{\"@type\":\"ListItem\",\"position\":1,\"name\":\"Home\",\"item\":\"https:\\\/\\\/www.directb2b.ca\\\/en\\\/\"},{\"@type\":\"ListItem\",\"position\":2,\"name\":\"Our Team\"}]},{\"@type\":\"WebSite\",\"@id\":\"https:\\\/\\\/www.directb2b.ca\\\/en\\\/#website\",\"url\":\"https:\\\/\\\/www.directb2b.ca\\\/en\\\/\",\"name\":\"DIRECT B2B T\u00c9L\u00c9MARKETING\",\"description\":\"T\u00e9l\u00e9marketing\",\"potentialAction\":[{\"@type\":\"SearchAction\",\"target\":{\"@type\":\"EntryPoint\",\"urlTemplate\":\"https:\\\/\\\/www.directb2b.ca\\\/en\\\/?s={search_term_string}\"},\"query-input\":{\"@type\":\"PropertyValueSpecification\",\"valueRequired\":true,\"valueName\":\"search_term_string\"}}],\"inLanguage\":\"en-CA\"}]}<\/script>\n<!-- \/ Yoast SEO plugin. -->","yoast_head_json":{"title":"Our team at Direct B2B","description":"Here are some of the members of our team at Direct B2B Telemarketing.","robots":{"index":"index","follow":"follow","max-snippet":"max-snippet:-1","max-image-preview":"max-image-preview:large","max-video-preview":"max-video-preview:-1"},"canonical":"https:\/\/www.directb2b.ca\/en\/equipe\/","og_locale":"en_US","og_type":"article","og_title":"Our team at Direct B2B","og_description":"Here are some of the members of our team at Direct B2B Telemarketing.","og_url":"https:\/\/www.directb2b.ca\/en\/equipe\/","og_site_name":"DIRECT B2B T\u00c9L\u00c9MARKETING","article_modified_time":"2022-07-14T04:55:04+00:00","og_image":[{"url":"https:\/\/directb2b.ca\/wp-content\/uploads\/2019\/08\/groupe-acces-direct-marketing-olaf-knigge.jpg","type":"","width":"","height":""}],"twitter_card":"summary_large_image","twitter_misc":{"Est. reading time":"3 minutes"},"schema":{"@context":"https:\/\/schema.org","@graph":[{"@type":"WebPage","@id":"https:\/\/www.directb2b.ca\/en\/equipe\/","url":"https:\/\/www.directb2b.ca\/en\/equipe\/","name":"Our team at Direct B2B","isPartOf":{"@id":"https:\/\/www.directb2b.ca\/en\/#website"},"primaryImageOfPage":{"@id":"https:\/\/www.directb2b.ca\/en\/equipe\/#primaryimage"},"image":{"@id":"https:\/\/www.directb2b.ca\/en\/equipe\/#primaryimage"},"thumbnailUrl":"https:\/\/directb2b.ca\/wp-content\/uploads\/2019\/08\/groupe-acces-direct-marketing-olaf-knigge.jpg","datePublished":"2019-08-16T14:53:32+00:00","dateModified":"2022-07-14T04:55:04+00:00","description":"Here are some of the members of our team at Direct B2B Telemarketing.","breadcrumb":{"@id":"https:\/\/www.directb2b.ca\/en\/equipe\/#breadcrumb"},"inLanguage":"en-CA","potentialAction":[{"@type":"ReadAction","target":["https:\/\/www.directb2b.ca\/en\/equipe\/"]}]},{"@type":"ImageObject","inLanguage":"en-CA","@id":"https:\/\/www.directb2b.ca\/en\/equipe\/#primaryimage","url":"https:\/\/directb2b.ca\/wp-content\/uploads\/2019\/08\/groupe-acces-direct-marketing-olaf-knigge.jpg","contentUrl":"https:\/\/directb2b.ca\/wp-content\/uploads\/2019\/08\/groupe-acces-direct-marketing-olaf-knigge.jpg"},{"@type":"BreadcrumbList","@id":"https:\/\/www.directb2b.ca\/en\/equipe\/#breadcrumb","itemListElement":[{"@type":"ListItem","position":1,"name":"Home","item":"https:\/\/www.directb2b.ca\/en\/"},{"@type":"ListItem","position":2,"name":"Our Team"}]},{"@type":"WebSite","@id":"https:\/\/www.directb2b.ca\/en\/#website","url":"https:\/\/www.directb2b.ca\/en\/","name":"DIRECT B2B T\u00c9L\u00c9MARKETING","description":"T\u00e9l\u00e9marketing","potentialAction":[{"@type":"SearchAction","target":{"@type":"EntryPoint","urlTemplate":"https:\/\/www.directb2b.ca\/en\/?s={search_term_string}"},"query-input":{"@type":"PropertyValueSpecification","valueRequired":true,"valueName":"search_term_string"}}],"inLanguage":"en-CA"}]}},"_links":{"self":[{"href":"https:\/\/www.directb2b.ca\/en\/wp-json\/wp\/v2\/pages\/823","targetHints":{"allow":["GET"]}}],"collection":[{"href":"https:\/\/www.directb2b.ca\/en\/wp-json\/wp\/v2\/pages"}],"about":[{"href":"https:\/\/www.directb2b.ca\/en\/wp-json\/wp\/v2\/types\/page"}],"author":[{"embeddable":true,"href":"https:\/\/www.directb2b.ca\/en\/wp-json\/wp\/v2\/users\/5"}],"replies":[{"embeddable":true,"href":"https:\/\/www.directb2b.ca\/en\/wp-json\/wp\/v2\/comments?post=823"}],"version-history":[{"count":2,"href":"https:\/\/www.directb2b.ca\/en\/wp-json\/wp\/v2\/pages\/823\/revisions"}],"predecessor-version":[{"id":825,"href":"https:\/\/www.directb2b.ca\/en\/wp-json\/wp\/v2\/pages\/823\/revisions\/825"}],"wp:attachment":[{"href":"https:\/\/www.directb2b.ca\/en\/wp-json\/wp\/v2\/media?parent=823"}],"curies":[{"name":"wp","href":"https:\/\/api.w.org\/{rel}","templated":true}]}}