{"id":845,"date":"2019-08-16T15:00:56","date_gmt":"2019-08-16T15:00:56","guid":{"rendered":"https:\/\/directb2b.ca\/prospection-b2b-telemarketing-projet-pilote\/"},"modified":"2022-07-19T04:36:35","modified_gmt":"2022-07-19T04:36:35","slug":"cold-calling-b2b-telemarketing-pilot-project","status":"publish","type":"page","link":"https:\/\/www.directb2b.ca\/en\/cold-calling-b2b-telemarketing-pilot-project\/","title":{"rendered":"Pilot Project"},"content":{"rendered":"<p><img fetchpriority=\"high\" decoding=\"async\" class=\"alignnone size-full wp-image-367\" src=\"https:\/\/directb2b.ca\/wp-content\/uploads\/2019\/08\/projet-pilote.jpg\" alt=\"business\" width=\"7360\" height=\"1433\" srcset=\"\/wp-content\/uploads\/2019\/08\/projet-pilote.jpg 7360w, \/wp-content\/uploads\/2019\/08\/projet-pilote-300x58.jpg 300w, \/wp-content\/uploads\/2019\/08\/projet-pilote-768x150.jpg 768w, \/wp-content\/uploads\/2019\/08\/projet-pilote-1024x199.jpg 1024w, \/wp-content\/uploads\/2019\/08\/projet-pilote-1200x234.jpg 1200w\" sizes=\"(max-width: 7360px) 100vw, 7360px\" \/><\/p>\n<h2 style=\"text-align: center;\">Challenge us and see the results!<\/h2>\n<h4 style=\"text-align: center;\">A pilot project is the ideal turnkey solution to test your market and<br \/>\nsee what Direct B2B can do for you!<\/h4>\n<p>&nbsp;<\/p>\n<h2>How does a pilot project work?<\/h2>\n<p>The project starts with a strategic planning meeting, the establishment of the approach strategy and the telephone sales pitch, as well as the preparation of a target list based on criteria established together. This is followed by approval and training of our campaign resources. Once this is complete, call production begins.<\/p>\n<p>Call production involves several strategic steps that will identify the right decision maker within the company, create contact with them, provide them with the necessary information so that they ultimately accept an appointment, which will be a well qualified appointment.<\/p>\n<p>Each call is recorded and summaries of interesting calls are sent to you with the regular reports. This method guarantees complete transparency.<\/p>\n<p>A pilot project includes 60 hours of call production, usually carried out within a period of 4 to 6 weeks. This minimum period is necessary to produce results and allow you to appreciate them.<\/p>\n<div class=\"col-lg-12 schema\"><img decoding=\"async\" class=\"size-full wp-image-373 aligncenter\" src=\"https:\/\/directb2b.ca\/wp-content\/uploads\/2019\/12\/Diagram.png\" alt=\"schema\" width=\"470\" height=\"456\" \/><\/div>\n<p><!--\n\n\n<h2>Un tarif avantageux pour vos campagnes de T\u00e9l\u00e9marketing<\/h2>\n\n\nSuite au projet-pilote, vous b\u00e9n\u00e9ficiez de l'avantage fourni par nos diff\u00e9rents plans d'action. Nos tarifs seront variables selon votre engagement. Par exemple, une banque d'heures \u00e9tablie sous contrat ferme de 3 mois avec un minimum de 15 heures de production d'appels par semaine, nous permettra de vous offrir un tarif plus avantageux que dans le cas d'une banque d'heures flexibles et sans engagement. Nous offrons m\u00eame des r\u00e9ductions plus grandes sur notre tarif horaire pour des ententes fermes de 12 mois. --><\/p>\n<h2>A tailor-made campaign<\/h2>\n<p>By analyzing the results of the pilot project, we can then work together to develop a campaign that is exactly tailored to your company&#8217;s business development needs.\u00a0 This means that we take into account your availability for meetings, and adapt the intensity of the campaign according to your budget, the seasonality of your offer and the receptivity period of the target market.\u00a0 Instead of a fixed number of hours per week, we orchestrate a regular campaign with variable intensity for maximum results: your agenda is thus filled exactly according to your needs for new, well-qualified appointments.<\/p>\n<h2>Satisfaction guarantee<\/h2>\n<p>If for any reason you change your mind, we offer the possibility to stop the pilot project after 30 hours, without any penalty; you will only have to pay for the set-up time and the 30 hours of call production.<\/p>\n<h2 style=\"text-align: center;\">Fill in this form to receive our brochure including our rates for the pilot project.<\/h2>\n<form id=\"plz-form-6226f1c5112fbd0001177a58\"><\/form>\n<p><script async src=\"https:\/\/brain.plezi.co\/api\/v1\/web_forms\/scripts?content_web_form_id=6226f1c5112fbd0001177a58\"><\/script><\/p>\n","protected":false},"excerpt":{"rendered":"<p>Challenge us and see the results! A pilot project is the ideal turnkey solution to test your market and see what Direct B2B can do for you! &nbsp; How does a pilot project work? The project starts with a strategic planning meeting, the establishment of the approach strategy and the telephone sales pitch, as well &hellip; <a href=\"https:\/\/www.directb2b.ca\/en\/cold-calling-b2b-telemarketing-pilot-project\/\" class=\"more-link\">Continue reading<span class=\"screen-reader-text\"> &#8220;Pilot Project&#8221;<\/span><\/a><\/p>\n","protected":false},"author":5,"featured_media":0,"parent":0,"menu_order":0,"comment_status":"closed","ping_status":"closed","template":"","meta":{"_acf_changed":false,"content-type":"","footnotes":""},"class_list":["post-845","page","type-page","status-publish","hentry"],"acf":[],"yoast_head":"<!-- This site is optimized with the Yoast SEO plugin v27.5 - https:\/\/yoast.com\/product\/yoast-seo-wordpress\/ -->\n<title>Our approach to telemarketing | Direct B2B Marketing - Direct B2B<\/title>\n<meta name=\"description\" content=\"Why do our clients appreciate us? When you come to Direct B2BMarketing, you are assured of working with professionals who are attentive and proactive.\" \/>\n<meta name=\"robots\" content=\"index, follow, max-snippet:-1, max-image-preview:large, max-video-preview:-1\" \/>\n<link rel=\"canonical\" href=\"https:\/\/www.directb2b.ca\/en\/cold-calling-b2b-telemarketing-pilot-project\/\" \/>\n<meta property=\"og:locale\" content=\"en_US\" \/>\n<meta property=\"og:type\" content=\"article\" \/>\n<meta property=\"og:title\" content=\"Our approach to telemarketing | Direct B2B Marketing - Direct B2B\" \/>\n<meta property=\"og:description\" content=\"Why do our clients appreciate us? When you come to Direct B2BMarketing, you are assured of working with professionals who are attentive and proactive.\" \/>\n<meta property=\"og:url\" content=\"https:\/\/www.directb2b.ca\/en\/cold-calling-b2b-telemarketing-pilot-project\/\" \/>\n<meta property=\"og:site_name\" content=\"DIRECT B2B T\u00c9L\u00c9MARKETING\" \/>\n<meta property=\"article:modified_time\" content=\"2022-07-19T04:36:35+00:00\" \/>\n<meta property=\"og:image\" content=\"https:\/\/directb2b.ca\/wp-content\/uploads\/2019\/08\/projet-pilote.jpg\" \/>\n<meta name=\"twitter:card\" content=\"summary_large_image\" \/>\n<meta name=\"twitter:label1\" content=\"Est. reading time\" \/>\n\t<meta name=\"twitter:data1\" content=\"3 minutes\" \/>\n<script type=\"application\/ld+json\" class=\"yoast-schema-graph\">{\"@context\":\"https:\\\/\\\/schema.org\",\"@graph\":[{\"@type\":\"WebPage\",\"@id\":\"https:\\\/\\\/www.directb2b.ca\\\/en\\\/cold-calling-b2b-telemarketing-pilot-project\\\/\",\"url\":\"https:\\\/\\\/www.directb2b.ca\\\/en\\\/cold-calling-b2b-telemarketing-pilot-project\\\/\",\"name\":\"Our approach to telemarketing | Direct B2B Marketing - Direct B2B\",\"isPartOf\":{\"@id\":\"https:\\\/\\\/www.directb2b.ca\\\/en\\\/#website\"},\"primaryImageOfPage\":{\"@id\":\"https:\\\/\\\/www.directb2b.ca\\\/en\\\/cold-calling-b2b-telemarketing-pilot-project\\\/#primaryimage\"},\"image\":{\"@id\":\"https:\\\/\\\/www.directb2b.ca\\\/en\\\/cold-calling-b2b-telemarketing-pilot-project\\\/#primaryimage\"},\"thumbnailUrl\":\"https:\\\/\\\/directb2b.ca\\\/wp-content\\\/uploads\\\/2019\\\/08\\\/projet-pilote.jpg\",\"datePublished\":\"2019-08-16T15:00:56+00:00\",\"dateModified\":\"2022-07-19T04:36:35+00:00\",\"description\":\"Why do our clients appreciate us? When you come to Direct B2BMarketing, you are assured of working with professionals who are attentive and proactive.\",\"breadcrumb\":{\"@id\":\"https:\\\/\\\/www.directb2b.ca\\\/en\\\/cold-calling-b2b-telemarketing-pilot-project\\\/#breadcrumb\"},\"inLanguage\":\"en-CA\",\"potentialAction\":[{\"@type\":\"ReadAction\",\"target\":[\"https:\\\/\\\/www.directb2b.ca\\\/en\\\/cold-calling-b2b-telemarketing-pilot-project\\\/\"]}]},{\"@type\":\"ImageObject\",\"inLanguage\":\"en-CA\",\"@id\":\"https:\\\/\\\/www.directb2b.ca\\\/en\\\/cold-calling-b2b-telemarketing-pilot-project\\\/#primaryimage\",\"url\":\"https:\\\/\\\/directb2b.ca\\\/wp-content\\\/uploads\\\/2019\\\/08\\\/projet-pilote.jpg\",\"contentUrl\":\"https:\\\/\\\/directb2b.ca\\\/wp-content\\\/uploads\\\/2019\\\/08\\\/projet-pilote.jpg\"},{\"@type\":\"BreadcrumbList\",\"@id\":\"https:\\\/\\\/www.directb2b.ca\\\/en\\\/cold-calling-b2b-telemarketing-pilot-project\\\/#breadcrumb\",\"itemListElement\":[{\"@type\":\"ListItem\",\"position\":1,\"name\":\"Home\",\"item\":\"https:\\\/\\\/www.directb2b.ca\\\/en\\\/\"},{\"@type\":\"ListItem\",\"position\":2,\"name\":\"Pilot Project\"}]},{\"@type\":\"WebSite\",\"@id\":\"https:\\\/\\\/www.directb2b.ca\\\/en\\\/#website\",\"url\":\"https:\\\/\\\/www.directb2b.ca\\\/en\\\/\",\"name\":\"DIRECT B2B T\u00c9L\u00c9MARKETING\",\"description\":\"T\u00e9l\u00e9marketing\",\"potentialAction\":[{\"@type\":\"SearchAction\",\"target\":{\"@type\":\"EntryPoint\",\"urlTemplate\":\"https:\\\/\\\/www.directb2b.ca\\\/en\\\/?s={search_term_string}\"},\"query-input\":{\"@type\":\"PropertyValueSpecification\",\"valueRequired\":true,\"valueName\":\"search_term_string\"}}],\"inLanguage\":\"en-CA\"}]}<\/script>\n<!-- \/ Yoast SEO plugin. -->","yoast_head_json":{"title":"Our approach to telemarketing | Direct B2B Marketing - Direct B2B","description":"Why do our clients appreciate us? When you come to Direct B2BMarketing, you are assured of working with professionals who are attentive and proactive.","robots":{"index":"index","follow":"follow","max-snippet":"max-snippet:-1","max-image-preview":"max-image-preview:large","max-video-preview":"max-video-preview:-1"},"canonical":"https:\/\/www.directb2b.ca\/en\/cold-calling-b2b-telemarketing-pilot-project\/","og_locale":"en_US","og_type":"article","og_title":"Our approach to telemarketing | Direct B2B Marketing - Direct B2B","og_description":"Why do our clients appreciate us? When you come to Direct B2BMarketing, you are assured of working with professionals who are attentive and proactive.","og_url":"https:\/\/www.directb2b.ca\/en\/cold-calling-b2b-telemarketing-pilot-project\/","og_site_name":"DIRECT B2B T\u00c9L\u00c9MARKETING","article_modified_time":"2022-07-19T04:36:35+00:00","og_image":[{"url":"https:\/\/directb2b.ca\/wp-content\/uploads\/2019\/08\/projet-pilote.jpg","type":"","width":"","height":""}],"twitter_card":"summary_large_image","twitter_misc":{"Est. reading time":"3 minutes"},"schema":{"@context":"https:\/\/schema.org","@graph":[{"@type":"WebPage","@id":"https:\/\/www.directb2b.ca\/en\/cold-calling-b2b-telemarketing-pilot-project\/","url":"https:\/\/www.directb2b.ca\/en\/cold-calling-b2b-telemarketing-pilot-project\/","name":"Our approach to telemarketing | Direct B2B Marketing - Direct B2B","isPartOf":{"@id":"https:\/\/www.directb2b.ca\/en\/#website"},"primaryImageOfPage":{"@id":"https:\/\/www.directb2b.ca\/en\/cold-calling-b2b-telemarketing-pilot-project\/#primaryimage"},"image":{"@id":"https:\/\/www.directb2b.ca\/en\/cold-calling-b2b-telemarketing-pilot-project\/#primaryimage"},"thumbnailUrl":"https:\/\/directb2b.ca\/wp-content\/uploads\/2019\/08\/projet-pilote.jpg","datePublished":"2019-08-16T15:00:56+00:00","dateModified":"2022-07-19T04:36:35+00:00","description":"Why do our clients appreciate us? When you come to Direct B2BMarketing, you are assured of working with professionals who are attentive and proactive.","breadcrumb":{"@id":"https:\/\/www.directb2b.ca\/en\/cold-calling-b2b-telemarketing-pilot-project\/#breadcrumb"},"inLanguage":"en-CA","potentialAction":[{"@type":"ReadAction","target":["https:\/\/www.directb2b.ca\/en\/cold-calling-b2b-telemarketing-pilot-project\/"]}]},{"@type":"ImageObject","inLanguage":"en-CA","@id":"https:\/\/www.directb2b.ca\/en\/cold-calling-b2b-telemarketing-pilot-project\/#primaryimage","url":"https:\/\/directb2b.ca\/wp-content\/uploads\/2019\/08\/projet-pilote.jpg","contentUrl":"https:\/\/directb2b.ca\/wp-content\/uploads\/2019\/08\/projet-pilote.jpg"},{"@type":"BreadcrumbList","@id":"https:\/\/www.directb2b.ca\/en\/cold-calling-b2b-telemarketing-pilot-project\/#breadcrumb","itemListElement":[{"@type":"ListItem","position":1,"name":"Home","item":"https:\/\/www.directb2b.ca\/en\/"},{"@type":"ListItem","position":2,"name":"Pilot Project"}]},{"@type":"WebSite","@id":"https:\/\/www.directb2b.ca\/en\/#website","url":"https:\/\/www.directb2b.ca\/en\/","name":"DIRECT B2B T\u00c9L\u00c9MARKETING","description":"T\u00e9l\u00e9marketing","potentialAction":[{"@type":"SearchAction","target":{"@type":"EntryPoint","urlTemplate":"https:\/\/www.directb2b.ca\/en\/?s={search_term_string}"},"query-input":{"@type":"PropertyValueSpecification","valueRequired":true,"valueName":"search_term_string"}}],"inLanguage":"en-CA"}]}},"_links":{"self":[{"href":"https:\/\/www.directb2b.ca\/en\/wp-json\/wp\/v2\/pages\/845","targetHints":{"allow":["GET"]}}],"collection":[{"href":"https:\/\/www.directb2b.ca\/en\/wp-json\/wp\/v2\/pages"}],"about":[{"href":"https:\/\/www.directb2b.ca\/en\/wp-json\/wp\/v2\/types\/page"}],"author":[{"embeddable":true,"href":"https:\/\/www.directb2b.ca\/en\/wp-json\/wp\/v2\/users\/5"}],"replies":[{"embeddable":true,"href":"https:\/\/www.directb2b.ca\/en\/wp-json\/wp\/v2\/comments?post=845"}],"version-history":[{"count":5,"href":"https:\/\/www.directb2b.ca\/en\/wp-json\/wp\/v2\/pages\/845\/revisions"}],"predecessor-version":[{"id":1246,"href":"https:\/\/www.directb2b.ca\/en\/wp-json\/wp\/v2\/pages\/845\/revisions\/1246"}],"wp:attachment":[{"href":"https:\/\/www.directb2b.ca\/en\/wp-json\/wp\/v2\/media?parent=845"}],"curies":[{"name":"wp","href":"https:\/\/api.w.org\/{rel}","templated":true}]}}